{"id":15,"date":"2026-04-27T09:16:00","date_gmt":"2026-04-27T09:16:00","guid":{"rendered":"https:\/\/copymatica.es\/?page_id=15"},"modified":"2026-04-27T11:52:19","modified_gmt":"2026-04-27T11:52:19","slug":"inicio","status":"publish","type":"page","link":"https:\/\/copymatica.es\/","title":{"rendered":"Inicio"},"content":{"rendered":"\n<h1 class=\"wp-block-heading\">Regalos infantiles personalizados para cumplea\u00f1os, colegios y ocasiones especiales<\/h1>\n\n\n\n<h3 class=\"wp-block-heading\">En Copym\u00e1tica preparamos tazas, botellas, mochilas, detalles para clase, comuniones, vuelta al cole y regalos personalizados para ni\u00f1os y ni\u00f1as.<\/h3>\n\n\n\n<div class=\"wp-block-buttons is-layout-flex wp-block-buttons-is-layout-flex\">\n<div class=\"wp-block-button\"><a class=\"wp-block-button__link wp-element-button\">Ver productos<\/a><\/div>\n<\/div>\n","protected":false},"excerpt":{"rendered":"<p>Regalos infantiles personalizados para cumplea\u00f1os, colegios y ocasiones especiales En Copym\u00e1tica preparamos tazas, botellas, mochilas, detalles para clase, comuniones, vuelta [&hellip;]<\/p>\n","protected":false},"author":1,"featured_media":0,"parent":0,"menu_order":0,"comment_status":"closed","ping_status":"closed","template":"","meta":{"site-sidebar-layout":"default","site-content-layout":"","ast-site-content-layout":"default","site-content-style":"default","site-sidebar-style":"default","ast-global-header-display":"","ast-banner-title-visibility":"","ast-main-header-display":"","ast-hfb-above-header-display":"","ast-hfb-below-header-display":"","ast-hfb-mobile-header-display":"","site-post-title":"","ast-breadcrumbs-content":"","ast-featured-img":"","footer-sml-layout":"","ast-disable-related-posts":"","theme-transparent-header-meta":"","adv-header-id-meta":"","stick-header-meta":"","header-above-stick-meta":"","header-main-stick-meta":"","header-below-stick-meta":"","astra-migrate-meta-layouts":"default","ast-page-background-enabled":"default","ast-page-background-meta":{"desktop":{"background-color":"var(--ast-global-color-5)","background-image":"","background-repeat":"repeat","background-position":"center center","background-size":"auto","background-attachment":"scroll","background-type":"","background-media":"","overlay-type":"","overlay-color":"","overlay-opacity":"","overlay-gradient":""},"tablet":{"background-color":"","background-image":"","background-repeat":"repeat","background-position":"center center","background-size":"auto","background-attachment":"scroll","background-type":"","background-media":"","overlay-type":"","overlay-color":"","overlay-opacity":"","overlay-gradient":""},"mobile":{"background-color":"","background-image":"","background-repeat":"repeat","background-position":"center center","background-size":"auto","background-attachment":"scroll","background-type":"","background-media":"","overlay-type":"","overlay-color":"","overlay-opacity":"","overlay-gradient":""}},"ast-content-background-meta":{"desktop":{"background-color":"var(--ast-global-color-4)","background-image":"","background-repeat":"repeat","background-position":"center center","background-size":"auto","background-attachment":"scroll","background-type":"","background-media":"","overlay-type":"","overlay-color":"","overlay-opacity":"","overlay-gradient":""},"tablet":{"background-color":"var(--ast-global-color-4)","background-image":"","background-repeat":"repeat","background-position":"center center","background-size":"auto","background-attachment":"scroll","background-type":"","background-media":"","overlay-type":"","overlay-color":"","overlay-opacity":"","overlay-gradient":""},"mobile":{"background-color":"var(--ast-global-color-4)","background-image":"","background-repeat":"repeat","background-position":"center center","background-size":"auto","background-attachment":"scroll","background-type":"","background-media":"","overlay-type":"","overlay-color":"","overlay-opacity":"","overlay-gradient":""}},"footnotes":""},"class_list":["post-15","page","type-page","status-publish","hentry"],"yoast_head":"<!-- This site is optimized with the Yoast SEO plugin v27.4 - https:\/\/yoast.com\/product\/yoast-seo-wordpress\/ -->\n<title>Inicio -<\/title>\n<meta name=\"description\" content=\"Regalos infantiles personalizados para cumplea\u00f1os, colegios y ocasiones especiales. En los regalos de Copym\u00e1tica preparamos regalos infantiles, productos personalizados y detalles para cumplea\u00f1os, comuniones, vuelta al cole, colegios, guarder\u00edas y AMPAs. Encuentra tazas, botellas, mochilas, bolsas, llaveros y peque\u00f1os detalles personalizados para ni\u00f1os y ni\u00f1as.\" \/>\n<meta name=\"robots\" content=\"index, follow, max-snippet:-1, max-image-preview:large, max-video-preview:-1\" \/>\n<link rel=\"canonical\" href=\"https:\/\/copymatica.es\/\" \/>\n<meta property=\"og:locale\" content=\"es_ES\" \/>\n<meta property=\"og:type\" content=\"article\" \/>\n<meta property=\"og:title\" content=\"Inicio -\" \/>\n<meta property=\"og:description\" content=\"Regalos infantiles personalizados para cumplea\u00f1os, colegios y ocasiones especiales. En los regalos de Copym\u00e1tica preparamos regalos infantiles, productos personalizados y detalles para cumplea\u00f1os, comuniones, vuelta al cole, colegios, guarder\u00edas y AMPAs. Encuentra tazas, botellas, mochilas, bolsas, llaveros y peque\u00f1os detalles personalizados para ni\u00f1os y ni\u00f1as.\" \/>\n<meta property=\"og:url\" content=\"https:\/\/copymatica.es\/\" \/>\n<meta property=\"article:modified_time\" content=\"2026-04-27T11:52:19+00:00\" \/>\n<meta name=\"twitter:card\" content=\"summary_large_image\" \/>\n<meta name=\"twitter:label1\" content=\"Tiempo de lectura\" \/>\n\t<meta name=\"twitter:data1\" content=\"1 minuto\" \/>\n<script type=\"application\/ld+json\" class=\"yoast-schema-graph\">{\"@context\":\"https:\\\/\\\/schema.org\",\"@graph\":[{\"@type\":\"WebPage\",\"@id\":\"https:\\\/\\\/copymatica.es\\\/\",\"url\":\"https:\\\/\\\/copymatica.es\\\/\",\"name\":\"Inicio -\",\"isPartOf\":{\"@id\":\"https:\\\/\\\/copymatica.es\\\/#website\"},\"datePublished\":\"2026-04-27T09:16:00+00:00\",\"dateModified\":\"2026-04-27T11:52:19+00:00\",\"description\":\"Regalos infantiles personalizados para cumplea\u00f1os, colegios y ocasiones especiales. En los regalos de Copym\u00e1tica preparamos regalos infantiles, productos personalizados y detalles para cumplea\u00f1os, comuniones, vuelta al cole, colegios, guarder\u00edas y AMPAs. Encuentra tazas, botellas, mochilas, bolsas, llaveros y peque\u00f1os detalles personalizados para ni\u00f1os y ni\u00f1as.\",\"breadcrumb\":{\"@id\":\"https:\\\/\\\/copymatica.es\\\/#breadcrumb\"},\"inLanguage\":\"es\",\"potentialAction\":[{\"@type\":\"ReadAction\",\"target\":[\"https:\\\/\\\/copymatica.es\\\/\"]}]},{\"@type\":\"BreadcrumbList\",\"@id\":\"https:\\\/\\\/copymatica.es\\\/#breadcrumb\",\"itemListElement\":[{\"@type\":\"ListItem\",\"position\":1,\"name\":\"Portada\",\"item\":\"https:\\\/\\\/copymatica.es\\\/\"},{\"@type\":\"ListItem\",\"position\":2,\"name\":\"Inicio\"}]},{\"@type\":\"WebSite\",\"@id\":\"https:\\\/\\\/copymatica.es\\\/#website\",\"url\":\"https:\\\/\\\/copymatica.es\\\/\",\"name\":\"\",\"description\":\"\",\"potentialAction\":[{\"@type\":\"SearchAction\",\"target\":{\"@type\":\"EntryPoint\",\"urlTemplate\":\"https:\\\/\\\/copymatica.es\\\/?s={search_term_string}\"},\"query-input\":{\"@type\":\"PropertyValueSpecification\",\"valueRequired\":true,\"valueName\":\"search_term_string\"}}],\"inLanguage\":\"es\"}]}<\/script>\n<!-- \/ Yoast SEO plugin. -->","yoast_head_json":{"title":"Inicio -","description":"Regalos infantiles personalizados para cumplea\u00f1os, colegios y ocasiones especiales. En los regalos de Copym\u00e1tica preparamos regalos infantiles, productos personalizados y detalles para cumplea\u00f1os, comuniones, vuelta al cole, colegios, guarder\u00edas y AMPAs. Encuentra tazas, botellas, mochilas, bolsas, llaveros y peque\u00f1os detalles personalizados para ni\u00f1os y ni\u00f1as.","robots":{"index":"index","follow":"follow","max-snippet":"max-snippet:-1","max-image-preview":"max-image-preview:large","max-video-preview":"max-video-preview:-1"},"canonical":"https:\/\/copymatica.es\/","og_locale":"es_ES","og_type":"article","og_title":"Inicio -","og_description":"Regalos infantiles personalizados para cumplea\u00f1os, colegios y ocasiones especiales. En los regalos de Copym\u00e1tica preparamos regalos infantiles, productos personalizados y detalles para cumplea\u00f1os, comuniones, vuelta al cole, colegios, guarder\u00edas y AMPAs. Encuentra tazas, botellas, mochilas, bolsas, llaveros y peque\u00f1os detalles personalizados para ni\u00f1os y ni\u00f1as.","og_url":"https:\/\/copymatica.es\/","article_modified_time":"2026-04-27T11:52:19+00:00","twitter_card":"summary_large_image","twitter_misc":{"Tiempo de lectura":"1 minuto"},"schema":{"@context":"https:\/\/schema.org","@graph":[{"@type":"WebPage","@id":"https:\/\/copymatica.es\/","url":"https:\/\/copymatica.es\/","name":"Inicio -","isPartOf":{"@id":"https:\/\/copymatica.es\/#website"},"datePublished":"2026-04-27T09:16:00+00:00","dateModified":"2026-04-27T11:52:19+00:00","description":"Regalos infantiles personalizados para cumplea\u00f1os, colegios y ocasiones especiales. En los regalos de Copym\u00e1tica preparamos regalos infantiles, productos personalizados y detalles para cumplea\u00f1os, comuniones, vuelta al cole, colegios, guarder\u00edas y AMPAs. Encuentra tazas, botellas, mochilas, bolsas, llaveros y peque\u00f1os detalles personalizados para ni\u00f1os y ni\u00f1as.","breadcrumb":{"@id":"https:\/\/copymatica.es\/#breadcrumb"},"inLanguage":"es","potentialAction":[{"@type":"ReadAction","target":["https:\/\/copymatica.es\/"]}]},{"@type":"BreadcrumbList","@id":"https:\/\/copymatica.es\/#breadcrumb","itemListElement":[{"@type":"ListItem","position":1,"name":"Portada","item":"https:\/\/copymatica.es\/"},{"@type":"ListItem","position":2,"name":"Inicio"}]},{"@type":"WebSite","@id":"https:\/\/copymatica.es\/#website","url":"https:\/\/copymatica.es\/","name":"","description":"","potentialAction":[{"@type":"SearchAction","target":{"@type":"EntryPoint","urlTemplate":"https:\/\/copymatica.es\/?s={search_term_string}"},"query-input":{"@type":"PropertyValueSpecification","valueRequired":true,"valueName":"search_term_string"}}],"inLanguage":"es"}]}},"_links":{"self":[{"href":"https:\/\/copymatica.es\/index.php?rest_route=\/wp\/v2\/pages\/15","targetHints":{"allow":["GET"]}}],"collection":[{"href":"https:\/\/copymatica.es\/index.php?rest_route=\/wp\/v2\/pages"}],"about":[{"href":"https:\/\/copymatica.es\/index.php?rest_route=\/wp\/v2\/types\/page"}],"author":[{"embeddable":true,"href":"https:\/\/copymatica.es\/index.php?rest_route=\/wp\/v2\/users\/1"}],"replies":[{"embeddable":true,"href":"https:\/\/copymatica.es\/index.php?rest_route=%2Fwp%2Fv2%2Fcomments&post=15"}],"version-history":[{"count":2,"href":"https:\/\/copymatica.es\/index.php?rest_route=\/wp\/v2\/pages\/15\/revisions"}],"predecessor-version":[{"id":70,"href":"https:\/\/copymatica.es\/index.php?rest_route=\/wp\/v2\/pages\/15\/revisions\/70"}],"wp:attachment":[{"href":"https:\/\/copymatica.es\/index.php?rest_route=%2Fwp%2Fv2%2Fmedia&parent=15"}],"curies":[{"name":"wp","href":"https:\/\/api.w.org\/{rel}","templated":true}]}}